{"id":776,"date":"2026-04-09T05:49:23","date_gmt":"2026-04-09T05:49:23","guid":{"rendered":"https:\/\/dropshippingco-19lh.wp1.sh\/product\/fischfinder-deeper-dp6h13s10\/"},"modified":"2026-04-09T05:49:23","modified_gmt":"2026-04-09T05:49:23","slug":"fischfinder-deeper-dp6h13s10","status":"publish","type":"product","link":"https:\/\/www.electroblau.tech\/de\/produkt\/fischfinder-deeper-dp6h13s10\/","title":{"rendered":"Fischfinder Deeper DP6H13S10"},"content":{"rendered":"<p>Wenn Sie auf der Suche nach neuen Markttrends sind, pr\u00e4sentieren wir Ihnen den <b>Fischfinder Deeper DP6H13S10<\/b>!<\/p>\n<p>Der <b>Deeper DP6H13S10 Fischfinder<\/b> von <b>Deeper<\/b> ist ein fortschrittliches kabelloses Angel-Sonar, das f\u00fcr eine pr\u00e4zise und effiziente Fischortung sowie die Analyse der aquatischen Umgebung entwickelt wurde. Gefertigt aus langlebigen Materialien wie <b>schwarzem ABS-Kunststoff<\/b>, verf\u00fcgt dieses Ger\u00e4t \u00fcber einen integrierten, wiederaufladbaren <b>1.300-mAh-Akku<\/b>, der ausreichend Autonomie f\u00fcr lange Angelsitzungen ohne Unterbrechungen gew\u00e4hrleistet. Sein kabelloses System nutzt die <b>CHIRP<\/b>-Technologie, die ein klareres und detaillierteres Signal liefert, um das Vorhandensein und die Tiefe von Fischen genau zu identifizieren, w\u00e4hrend es gleichzeitig 3D-Sonarkartierung \u00fcber integriertes GPS erm\u00f6glicht. Dies bietet Nutzern eine fortschrittliche dreidimensionale Ansicht des Seegrunds und hilft bei der besseren Planung von Angelpl\u00e4tzen. Dieses Modell ist ideal f\u00fcr Angler, die zuverl\u00e4ssige, verwertbare Daten zur Optimierung ihres Fangs ben\u00f6tigen, auch dank seines kompakten und robusten Designs, das einen einfachen Transport und Einsatz erm\u00f6glicht. Die Kombination von GPS mit 3D-Kartierung erlaubt das Aufzeichnen und Anzeigen detaillierter Karten, was die Genauigkeit der Fischortung erh\u00f6ht und die Angelstrategie in verschiedenen Umgebungen verbessert. Insgesamt besticht der <b>Deeper DP6H13S10 CHIRP+3D<\/b> durch hochwertige Materialien, modernste Funktechnologie und 3D-Kartierungsf\u00e4higkeit, was ihn zu einem unverzichtbaren Werkzeug f\u00fcr alle macht, die ein professionelles und vielseitiges Ger\u00e4t f\u00fcr das Sport- und Freizeitangeln suchen.      <\/p>\n<ul>\n<li>USB-Kabel: Ja<\/li>\n<li>Material:\n<ul>\n<li>ABS<\/li>\n<li>Kunststoff<\/li>\n<\/ul>\n<\/li>\n<li>Akkukapazit\u00e4t: 1.300 mAh<\/li>\n<li>Farbe: Schwarz<\/li>\n<li>Stromversorgung: Akku<\/li>\n<li>Enth\u00e4lt: Akku<\/li>\n<li>Batterien enthalten: Ja<\/li>\n<li>Batteriebetrieben: 1 Lithium-Ionen, enthalten<\/li>\n<li>Technologie: TFT<\/li>\n<\/ul>\n","protected":false},"excerpt":{"rendered":"<p>Wenn Sie auf der Suche nach neuen Markttrends sind, pr\u00e4sentieren wir Ihnen den Fischfinder Deeper DP6H13S10! Der Deeper DP6H13S10 Fischfinder von Deeper ist ein fortschrittliches kabelloses Angel-Sonar, das f\u00fcr eine pr\u00e4zise und effiziente Fischortung sowie die Analyse der aquatischen Umgebung entwickelt wurde. Gefertigt aus langlebigen Materialien wie schwarzem ABS-Kunststoff, verf\u00fcgt dieses Ger\u00e4t \u00fcber einen integrierten, [&hellip;]<\/p>\n","protected":false},"featured_media":777,"comment_status":"open","ping_status":"closed","template":"","meta":[],"product_brand":[],"product_cat":[],"product_tag":[],"class_list":{"0":"post-776","1":"product","2":"type-product","3":"status-publish","4":"has-post-thumbnail","7":"first","8":"outofstock","9":"taxable","10":"shipping-taxable","11":"purchasable","12":"product-type-simple"},"_links":{"self":[{"href":"https:\/\/www.electroblau.tech\/de\/wp-json\/wp\/v2\/product\/776","targetHints":{"allow":["GET"]}}],"collection":[{"href":"https:\/\/www.electroblau.tech\/de\/wp-json\/wp\/v2\/product"}],"about":[{"href":"https:\/\/www.electroblau.tech\/de\/wp-json\/wp\/v2\/types\/product"}],"replies":[{"embeddable":true,"href":"https:\/\/www.electroblau.tech\/de\/wp-json\/wp\/v2\/comments?post=776"}],"wp:featuredmedia":[{"embeddable":true,"href":"https:\/\/www.electroblau.tech\/de\/wp-json\/wp\/v2\/media\/777"}],"wp:attachment":[{"href":"https:\/\/www.electroblau.tech\/de\/wp-json\/wp\/v2\/media?parent=776"}],"wp:term":[{"taxonomy":"product_brand","embeddable":true,"href":"https:\/\/www.electroblau.tech\/de\/wp-json\/wp\/v2\/product_brand?post=776"},{"taxonomy":"product_cat","embeddable":true,"href":"https:\/\/www.electroblau.tech\/de\/wp-json\/wp\/v2\/product_cat?post=776"},{"taxonomy":"product_tag","embeddable":true,"href":"https:\/\/www.electroblau.tech\/de\/wp-json\/wp\/v2\/product_tag?post=776"}],"curies":[{"name":"wp","href":"https:\/\/api.w.org\/{rel}","templated":true}]}}