{"id":754,"date":"2026-04-09T05:49:29","date_gmt":"2026-04-09T05:49:29","guid":{"rendered":"https:\/\/dropshippingco-19lh.wp1.sh\/product\/fischfinder-garmin-striker-vivid-9sv\/"},"modified":"2026-04-09T05:49:29","modified_gmt":"2026-04-09T05:49:29","slug":"fischfinder-garmin-striker-vivid-9sv","status":"publish","type":"product","link":"https:\/\/www.electroblau.tech\/de\/produkt\/fischfinder-garmin-striker-vivid-9sv\/","title":{"rendered":"Fischfinder GARMIN STRIKER Vivid 9sv"},"content":{"rendered":"<p>Bleiben Sie fit und entdecken Sie die neuesten Produktneuheiten des Sektors, um Sport mit den besten Garantien auszu\u00fcben! Kaufen Sie den <b>Fischfinder GARMIN STRIKER Vivid 9sv<\/b> zum besten Preis und genie\u00dfen Sie ein gesundes Leben! <\/p>\n<p>Der <b>STRIKER Vivid 9sv<\/b> von <b>GARMIN<\/b> ist ein fortschrittlicher <b>Fischfinder<\/b>, der eine detaillierte und pr\u00e4zise Analyse der aquatischen Umgebung bietet und ideal f\u00fcr Angler ist, die ihr Angelerlebnis in Europa verbessern m\u00f6chten. Ausgestattet mit einem hochwertigen Sonar und dem <b>GT52HW-TM<\/b>-Geber liefert er dank seiner fortschrittlichen Sonartechnologie klare, scharfe Bilder von Fischen und Unterwasserstrukturen und erm\u00f6glicht eine \u00fcberlegene Bodeninterpretation. Sein <b>800 x 480 Pixel<\/b> Farbdisplay macht Informationen auch bei wechselnden Lichtverh\u00e4ltnissen gut ablesbar und hilft, Wasserlebewesen und Gel\u00e4ndemerkmale pr\u00e4ziser zu lokalisieren. Dieses Ger\u00e4t verf\u00fcgt \u00fcber <b>WLAN<\/b>-Konnektivit\u00e4t, die einfache Datenaktualisierungen und Synchronisierung sowie die Integration mit anderen kompatiblen Ger\u00e4ten f\u00fcr einen bequemeren und effizienteren Betrieb erm\u00f6glicht. Es hat ein robustes, <b>wasserdichtes<\/b> Design in <b>Schwarz<\/b>, das f\u00fcr aquatische Umgebungen ausgelegt ist und Langlebigkeit bei Ausfl\u00fcgen gew\u00e4hrleistet. Mit einem Gewicht von <b>2,2 kg<\/b> ist es leicht genug f\u00fcr einfachen Transport, ohne Stabilit\u00e4t oder Festigkeit zu beeintr\u00e4chtigen. Der STRIKER Vivid 9sv ist eine komplette L\u00f6sung f\u00fcr diejenigen, die Pr\u00e4zision und Zuverl\u00e4ssigkeit bei der Angelausr\u00fcstung sch\u00e4tzen, und kombiniert fortschrittliche Technologie mit praktischen Funktionen, die die Fischerkennung unter verschiedenen Navigations- und Sportangelbedingungen optimieren. Zusammenfassend stellt dieses Ger\u00e4t ein fortschrittliches technologisches Werkzeug f\u00fcr Angler dar, die eine detaillierte Kontrolle ihrer Unterwasserumgebung und eine erh\u00f6hte Fangeffizienz w\u00fcnschen.       <\/p>\n<ul>\n<li>Eigenschaften:\n<ul>\n<li>Wasserdicht<\/li>\n<li>Touchscreen<\/li>\n<\/ul>\n<\/li>\n<li>Konnektivit\u00e4t: WLAN<\/li>\n<li>Version: Europa<\/li>\n<li>Aufl\u00f6sung: 800 x 480 px<\/li>\n<li>Gewicht: 2,2 kg<\/li>\n<\/ul>\n","protected":false},"excerpt":{"rendered":"<p>Bleiben Sie fit und entdecken Sie die neuesten Produktneuheiten des Sektors, um Sport mit den besten Garantien auszu\u00fcben! Kaufen Sie den Fischfinder GARMIN STRIKER Vivid 9sv zum besten Preis und genie\u00dfen Sie ein gesundes Leben! Der STRIKER Vivid 9sv von GARMIN ist ein fortschrittlicher Fischfinder, der eine detaillierte und pr\u00e4zise Analyse der aquatischen Umgebung bietet [&hellip;]<\/p>\n","protected":false},"featured_media":755,"comment_status":"open","ping_status":"closed","template":"","meta":[],"product_brand":[],"product_cat":[],"product_tag":[],"class_list":{"0":"post-754","1":"product","2":"type-product","3":"status-publish","4":"has-post-thumbnail","7":"first","8":"instock","9":"taxable","10":"shipping-taxable","11":"purchasable","12":"product-type-simple"},"_links":{"self":[{"href":"https:\/\/www.electroblau.tech\/de\/wp-json\/wp\/v2\/product\/754","targetHints":{"allow":["GET"]}}],"collection":[{"href":"https:\/\/www.electroblau.tech\/de\/wp-json\/wp\/v2\/product"}],"about":[{"href":"https:\/\/www.electroblau.tech\/de\/wp-json\/wp\/v2\/types\/product"}],"replies":[{"embeddable":true,"href":"https:\/\/www.electroblau.tech\/de\/wp-json\/wp\/v2\/comments?post=754"}],"wp:featuredmedia":[{"embeddable":true,"href":"https:\/\/www.electroblau.tech\/de\/wp-json\/wp\/v2\/media\/755"}],"wp:attachment":[{"href":"https:\/\/www.electroblau.tech\/de\/wp-json\/wp\/v2\/media?parent=754"}],"wp:term":[{"taxonomy":"product_brand","embeddable":true,"href":"https:\/\/www.electroblau.tech\/de\/wp-json\/wp\/v2\/product_brand?post=754"},{"taxonomy":"product_cat","embeddable":true,"href":"https:\/\/www.electroblau.tech\/de\/wp-json\/wp\/v2\/product_cat?post=754"},{"taxonomy":"product_tag","embeddable":true,"href":"https:\/\/www.electroblau.tech\/de\/wp-json\/wp\/v2\/product_tag?post=754"}],"curies":[{"name":"wp","href":"https:\/\/api.w.org\/{rel}","templated":true}]}}