{"id":752,"date":"2026-04-09T05:49:26","date_gmt":"2026-04-09T05:49:26","guid":{"rendered":"https:\/\/dropshippingco-19lh.wp1.sh\/product\/fischfinder-lowrance-elite-fs-serie-12-v\/"},"modified":"2026-04-09T05:49:26","modified_gmt":"2026-04-09T05:49:26","slug":"fischfinder-lowrance-elite-fs-serie-12-v","status":"publish","type":"product","link":"https:\/\/www.electroblau.tech\/de\/produkt\/fischfinder-lowrance-elite-fs-serie-12-v\/","title":{"rendered":"Fischfinder Lowrance Elite FS Serie 12 V"},"content":{"rendered":"<p>Bleiben Sie fit und entdecken Sie die neuesten Neuheiten der Branche, um Sport mit den besten Garantien auszu\u00fcben! Kaufen Sie <b>Fischfinder Lowrance Elite FS Serie 12 V<\/b> zum besten Preis und genie\u00dfen Sie ein gesundes Leben!<\/p>\n<ul>\n<li>Typ: GPS-Ortungsger\u00e4t<\/li>\n<li>Spannung: 12 V<\/li>\n<li>Material: Kunststoff<\/li>\n<li>Geschlecht: Erwachsene Unisex<\/li>\n<li>Anschl\u00fcsse: Ethernet LAN<\/li>\n<li>Bildschirmdiagonale (cm): 17,8 cm<\/li>\n<\/ul>\n","protected":false},"excerpt":{"rendered":"<p>Bleiben Sie fit und entdecken Sie die neuesten Neuheiten der Branche, um Sport mit den besten Garantien auszu\u00fcben! Kaufen Sie Fischfinder Lowrance Elite FS Serie 12 V zum besten Preis und genie\u00dfen Sie ein gesundes Leben! Typ: GPS-Ortungsger\u00e4t Spannung: 12 V Material: Kunststoff Geschlecht: Erwachsene Unisex Anschl\u00fcsse: Ethernet LAN Bildschirmdiagonale (cm): 17,8 cm<\/p>\n","protected":false},"featured_media":753,"comment_status":"open","ping_status":"closed","template":"","meta":[],"product_brand":[],"product_cat":[],"product_tag":[],"class_list":{"0":"post-752","1":"product","2":"type-product","3":"status-publish","4":"has-post-thumbnail","7":"first","8":"outofstock","9":"taxable","10":"shipping-taxable","11":"purchasable","12":"product-type-simple"},"_links":{"self":[{"href":"https:\/\/www.electroblau.tech\/de\/wp-json\/wp\/v2\/product\/752","targetHints":{"allow":["GET"]}}],"collection":[{"href":"https:\/\/www.electroblau.tech\/de\/wp-json\/wp\/v2\/product"}],"about":[{"href":"https:\/\/www.electroblau.tech\/de\/wp-json\/wp\/v2\/types\/product"}],"replies":[{"embeddable":true,"href":"https:\/\/www.electroblau.tech\/de\/wp-json\/wp\/v2\/comments?post=752"}],"wp:featuredmedia":[{"embeddable":true,"href":"https:\/\/www.electroblau.tech\/de\/wp-json\/wp\/v2\/media\/753"}],"wp:attachment":[{"href":"https:\/\/www.electroblau.tech\/de\/wp-json\/wp\/v2\/media?parent=752"}],"wp:term":[{"taxonomy":"product_brand","embeddable":true,"href":"https:\/\/www.electroblau.tech\/de\/wp-json\/wp\/v2\/product_brand?post=752"},{"taxonomy":"product_cat","embeddable":true,"href":"https:\/\/www.electroblau.tech\/de\/wp-json\/wp\/v2\/product_cat?post=752"},{"taxonomy":"product_tag","embeddable":true,"href":"https:\/\/www.electroblau.tech\/de\/wp-json\/wp\/v2\/product_tag?post=752"}],"curies":[{"name":"wp","href":"https:\/\/api.w.org\/{rel}","templated":true}]}}