{"id":744,"date":"2026-04-09T05:57:26","date_gmt":"2026-04-09T05:57:26","guid":{"rendered":"https:\/\/dropshippingco-19lh.wp1.sh\/product\/fischfinder-deeper-itgam0301\/"},"modified":"2026-04-09T05:57:26","modified_gmt":"2026-04-09T05:57:26","slug":"fischfinder-deeper-itgam0301","status":"publish","type":"product","link":"https:\/\/www.electroblau.tech\/de\/produkt\/fischfinder-deeper-itgam0301\/","title":{"rendered":"Fischfinder Deeper ITGAM0301"},"content":{"rendered":"<p>Bleiben Sie fit und entdecken Sie die neuesten Neuheiten der Branche, um Sport mit den besten Garantien auszu\u00fcben! Kaufen Sie <b>Fischfinder Deeper ITGAM0301<\/b> zum besten Preis und genie\u00dfen Sie ein gesundes Leben! <\/p>\n<ul>\n<li>Farbe: Schwarz<\/li>\n<li>Konnektivit\u00e4t: WLAN<\/li>\n<li>Typ: GPS-Ortungsger\u00e4t<\/li>\n<li>Stromversorgung: Batterie<\/li>\n<li>Geschlecht:\n<ul>\n<li>Erwachsene Unisex<\/li>\n<li>Unisex<\/li>\n<\/ul>\n<\/li>\n<li>Batterietyp: Wiederaufladbarer Lithium-Akku<\/li>\n<\/ul>\n","protected":false},"excerpt":{"rendered":"<p>Bleiben Sie fit und entdecken Sie die neuesten Neuheiten der Branche, um Sport mit den besten Garantien auszu\u00fcben! Kaufen Sie Fischfinder Deeper ITGAM0301 zum besten Preis und genie\u00dfen Sie ein gesundes Leben! Farbe: Schwarz Konnektivit\u00e4t: WLAN Typ: GPS-Ortungsger\u00e4t Stromversorgung: Batterie Geschlecht: Erwachsene Unisex Unisex Batterietyp: Wiederaufladbarer Lithium-Akku<\/p>\n","protected":false},"featured_media":745,"comment_status":"open","ping_status":"closed","template":"","meta":[],"product_brand":[],"product_cat":[],"product_tag":[],"class_list":{"0":"post-744","1":"product","2":"type-product","3":"status-publish","4":"has-post-thumbnail","7":"first","8":"outofstock","9":"taxable","10":"shipping-taxable","11":"purchasable","12":"product-type-simple"},"_links":{"self":[{"href":"https:\/\/www.electroblau.tech\/de\/wp-json\/wp\/v2\/product\/744","targetHints":{"allow":["GET"]}}],"collection":[{"href":"https:\/\/www.electroblau.tech\/de\/wp-json\/wp\/v2\/product"}],"about":[{"href":"https:\/\/www.electroblau.tech\/de\/wp-json\/wp\/v2\/types\/product"}],"replies":[{"embeddable":true,"href":"https:\/\/www.electroblau.tech\/de\/wp-json\/wp\/v2\/comments?post=744"}],"wp:featuredmedia":[{"embeddable":true,"href":"https:\/\/www.electroblau.tech\/de\/wp-json\/wp\/v2\/media\/745"}],"wp:attachment":[{"href":"https:\/\/www.electroblau.tech\/de\/wp-json\/wp\/v2\/media?parent=744"}],"wp:term":[{"taxonomy":"product_brand","embeddable":true,"href":"https:\/\/www.electroblau.tech\/de\/wp-json\/wp\/v2\/product_brand?post=744"},{"taxonomy":"product_cat","embeddable":true,"href":"https:\/\/www.electroblau.tech\/de\/wp-json\/wp\/v2\/product_cat?post=744"},{"taxonomy":"product_tag","embeddable":true,"href":"https:\/\/www.electroblau.tech\/de\/wp-json\/wp\/v2\/product_tag?post=744"}],"curies":[{"name":"wp","href":"https:\/\/api.w.org\/{rel}","templated":true}]}}